{"id":63,"date":"2015-03-01T09:50:38","date_gmt":"2015-03-01T09:50:38","guid":{"rendered":"https:\/\/geotierra.es\/blog\/?page_id=63"},"modified":"2015-03-25T11:58:08","modified_gmt":"2015-03-25T10:58:08","slug":"minerales","status":"publish","type":"page","link":"https:\/\/geotierra.es\/blog\/articulos\/minerales\/","title":{"rendered":"Minerales"},"content":{"rendered":"<p>Si est\u00e1s buscando<strong> minerales, cristalizados o en bruto<\/strong>, ejemplares peque\u00f1os o de gran formato, para colecci\u00f3n o decoraci\u00f3n, vis\u00edtanos y no quedaras defraudado. En Geotierra tenemos minerales extra\u00eddos de minas de Europa, Asia, \u00c1frica, Am\u00e9rica y Ocean\u00eda.<\/p>\n<p><a href=\"https:\/\/geotierra.es\/blog\/wp-content\/uploads\/2015\/03\/azufre_crisocola.jpg\"><img loading=\"lazy\" decoding=\"async\" class=\" size-full wp-image-165 aligncenter\" src=\"https:\/\/geotierra.es\/blog\/wp-content\/uploads\/2015\/03\/azufre_crisocola.jpg\" alt=\"azufre_crisocola\" width=\"600\" height=\"394\" srcset=\"https:\/\/geotierra.es\/blog\/wp-content\/uploads\/2015\/03\/azufre_crisocola.jpg 600w, https:\/\/geotierra.es\/blog\/wp-content\/uploads\/2015\/03\/azufre_crisocola-300x197.jpg 300w, https:\/\/geotierra.es\/blog\/wp-content\/uploads\/2015\/03\/azufre_crisocola-150x99.jpg 150w\" sizes=\"auto, (max-width: 600px) 100vw, 600px\" \/><\/a><\/p>\n<p>Azufre cristalizado, crisocola, cobre nativo, fluorita, okenita o malaquita botroidal son algunos de los minerales que forman parte de nuestra <strong>extensa oferta<\/strong>.<\/p>\n<p><a href=\"https:\/\/geotierra.es\/blog\/wp-content\/uploads\/2015\/03\/cobre.jpg\"><img loading=\"lazy\" decoding=\"async\" class=\" size-full wp-image-148 aligncenter\" src=\"https:\/\/geotierra.es\/blog\/wp-content\/uploads\/2015\/03\/cobre.jpg\" alt=\"cobre\" width=\"600\" height=\"356\" srcset=\"https:\/\/geotierra.es\/blog\/wp-content\/uploads\/2015\/03\/cobre.jpg 600w, https:\/\/geotierra.es\/blog\/wp-content\/uploads\/2015\/03\/cobre-300x178.jpg 300w, https:\/\/geotierra.es\/blog\/wp-content\/uploads\/2015\/03\/cobre-150x89.jpg 150w\" sizes=\"auto, (max-width: 600px) 100vw, 600px\" \/><\/a><\/p>\n<p><a href=\"https:\/\/geotierra.es\/blog\/wp-content\/uploads\/2015\/03\/fluorita.jpg\"><img loading=\"lazy\" decoding=\"async\" class=\" size-full wp-image-150 aligncenter\" src=\"https:\/\/geotierra.es\/blog\/wp-content\/uploads\/2015\/03\/fluorita.jpg\" alt=\"fluorita\" width=\"600\" height=\"421\" srcset=\"https:\/\/geotierra.es\/blog\/wp-content\/uploads\/2015\/03\/fluorita.jpg 600w, https:\/\/geotierra.es\/blog\/wp-content\/uploads\/2015\/03\/fluorita-300x211.jpg 300w, https:\/\/geotierra.es\/blog\/wp-content\/uploads\/2015\/03\/fluorita-150x105.jpg 150w\" sizes=\"auto, (max-width: 600px) 100vw, 600px\" \/><\/a><\/p>\n<p><a href=\"https:\/\/geotierra.es\/blog\/wp-content\/uploads\/2015\/03\/okenita.jpg\"><img loading=\"lazy\" decoding=\"async\" class=\" size-full wp-image-153 aligncenter\" src=\"https:\/\/geotierra.es\/blog\/wp-content\/uploads\/2015\/03\/okenita.jpg\" alt=\"okenita\" width=\"600\" height=\"438\" srcset=\"https:\/\/geotierra.es\/blog\/wp-content\/uploads\/2015\/03\/okenita.jpg 600w, https:\/\/geotierra.es\/blog\/wp-content\/uploads\/2015\/03\/okenita-300x219.jpg 300w, https:\/\/geotierra.es\/blog\/wp-content\/uploads\/2015\/03\/okenita-150x110.jpg 150w\" sizes=\"auto, (max-width: 600px) 100vw, 600px\" \/><\/a><\/p>\n<p><a href=\"https:\/\/geotierra.es\/blog\/wp-content\/uploads\/2015\/03\/malaquita.jpg\"><img loading=\"lazy\" decoding=\"async\" class=\" size-full wp-image-152 aligncenter\" src=\"https:\/\/geotierra.es\/blog\/wp-content\/uploads\/2015\/03\/malaquita.jpg\" alt=\"malaquita\" width=\"600\" height=\"477\" srcset=\"https:\/\/geotierra.es\/blog\/wp-content\/uploads\/2015\/03\/malaquita.jpg 600w, https:\/\/geotierra.es\/blog\/wp-content\/uploads\/2015\/03\/malaquita-300x239.jpg 300w, https:\/\/geotierra.es\/blog\/wp-content\/uploads\/2015\/03\/malaquita-150x119.jpg 150w\" sizes=\"auto, (max-width: 600px) 100vw, 600px\" \/><\/a><\/p>\n<p><strong>Espectaculares cristales<\/strong> de turmalina verde, aguamarina, topacio y vanadinita te sorprender\u00e1n por sus formas geom\u00e9tricas y vivos colores.<\/p>\n<p><a href=\"https:\/\/geotierra.es\/blog\/wp-content\/uploads\/2015\/03\/turmalina.jpg\"><img loading=\"lazy\" decoding=\"async\" class=\" size-full wp-image-159 aligncenter\" src=\"https:\/\/geotierra.es\/blog\/wp-content\/uploads\/2015\/03\/turmalina.jpg\" alt=\"turmalina\" width=\"600\" height=\"348\" srcset=\"https:\/\/geotierra.es\/blog\/wp-content\/uploads\/2015\/03\/turmalina.jpg 600w, https:\/\/geotierra.es\/blog\/wp-content\/uploads\/2015\/03\/turmalina-300x174.jpg 300w, https:\/\/geotierra.es\/blog\/wp-content\/uploads\/2015\/03\/turmalina-150x87.jpg 150w\" sizes=\"auto, (max-width: 600px) 100vw, 600px\" \/><\/a><\/p>\n<p><a href=\"https:\/\/geotierra.es\/blog\/wp-content\/uploads\/2015\/03\/aguamarina.jpg\"><img loading=\"lazy\" decoding=\"async\" class=\" size-full wp-image-161 aligncenter\" src=\"https:\/\/geotierra.es\/blog\/wp-content\/uploads\/2015\/03\/aguamarina.jpg\" alt=\"aguamarina\" width=\"600\" height=\"494\" srcset=\"https:\/\/geotierra.es\/blog\/wp-content\/uploads\/2015\/03\/aguamarina.jpg 600w, https:\/\/geotierra.es\/blog\/wp-content\/uploads\/2015\/03\/aguamarina-300x247.jpg 300w, https:\/\/geotierra.es\/blog\/wp-content\/uploads\/2015\/03\/aguamarina-150x124.jpg 150w\" sizes=\"auto, (max-width: 600px) 100vw, 600px\" \/><\/a><\/p>\n<p><a href=\"https:\/\/geotierra.es\/blog\/wp-content\/uploads\/2015\/03\/topacio.jpg\"><img loading=\"lazy\" decoding=\"async\" class=\" size-full wp-image-158 aligncenter\" src=\"https:\/\/geotierra.es\/blog\/wp-content\/uploads\/2015\/03\/topacio.jpg\" alt=\"topacio\" width=\"600\" height=\"511\" srcset=\"https:\/\/geotierra.es\/blog\/wp-content\/uploads\/2015\/03\/topacio.jpg 600w, https:\/\/geotierra.es\/blog\/wp-content\/uploads\/2015\/03\/topacio-300x256.jpg 300w, https:\/\/geotierra.es\/blog\/wp-content\/uploads\/2015\/03\/topacio-150x128.jpg 150w\" sizes=\"auto, (max-width: 600px) 100vw, 600px\" \/><\/a><\/p>\n<p><a href=\"https:\/\/geotierra.es\/blog\/wp-content\/uploads\/2015\/03\/vanadinita.jpg\"><img loading=\"lazy\" decoding=\"async\" class=\" size-full wp-image-160 aligncenter\" src=\"https:\/\/geotierra.es\/blog\/wp-content\/uploads\/2015\/03\/vanadinita.jpg\" alt=\"vanadinita\" width=\"600\" height=\"430\" srcset=\"https:\/\/geotierra.es\/blog\/wp-content\/uploads\/2015\/03\/vanadinita.jpg 600w, https:\/\/geotierra.es\/blog\/wp-content\/uploads\/2015\/03\/vanadinita-300x215.jpg 300w, https:\/\/geotierra.es\/blog\/wp-content\/uploads\/2015\/03\/vanadinita-150x108.jpg 150w\" sizes=\"auto, (max-width: 600px) 100vw, 600px\" \/><\/a><\/p>\n<p>Apatito de Canad\u00e1, cuarzo con galena o hematites y formaciones de antimonita son otros minerales que podr\u00e1s encontrar en nuestra tienda.<\/p>\n<p><a href=\"https:\/\/geotierra.es\/blog\/wp-content\/uploads\/2015\/03\/apatito.jpg\"><img loading=\"lazy\" decoding=\"async\" class=\" size-full wp-image-163 aligncenter\" src=\"https:\/\/geotierra.es\/blog\/wp-content\/uploads\/2015\/03\/apatito.jpg\" alt=\"apatito\" width=\"600\" height=\"523\" srcset=\"https:\/\/geotierra.es\/blog\/wp-content\/uploads\/2015\/03\/apatito.jpg 600w, https:\/\/geotierra.es\/blog\/wp-content\/uploads\/2015\/03\/apatito-300x262.jpg 300w, https:\/\/geotierra.es\/blog\/wp-content\/uploads\/2015\/03\/apatito-150x131.jpg 150w\" sizes=\"auto, (max-width: 600px) 100vw, 600px\" \/><\/a><\/p>\n<p><a href=\"https:\/\/geotierra.es\/blog\/wp-content\/uploads\/2015\/03\/galena.jpg\"><img loading=\"lazy\" decoding=\"async\" class=\" size-full wp-image-151 aligncenter\" src=\"https:\/\/geotierra.es\/blog\/wp-content\/uploads\/2015\/03\/galena.jpg\" alt=\"galena\" width=\"600\" height=\"434\" srcset=\"https:\/\/geotierra.es\/blog\/wp-content\/uploads\/2015\/03\/galena.jpg 600w, https:\/\/geotierra.es\/blog\/wp-content\/uploads\/2015\/03\/galena-300x217.jpg 300w, https:\/\/geotierra.es\/blog\/wp-content\/uploads\/2015\/03\/galena-150x109.jpg 150w\" sizes=\"auto, (max-width: 600px) 100vw, 600px\" \/><\/a><\/p>\n<p><a href=\"https:\/\/geotierra.es\/blog\/wp-content\/uploads\/2015\/03\/cuarzo_hematites.jpg\"><img loading=\"lazy\" decoding=\"async\" class=\" size-full wp-image-149 aligncenter\" src=\"https:\/\/geotierra.es\/blog\/wp-content\/uploads\/2015\/03\/cuarzo_hematites.jpg\" alt=\"cuarzo_hematites\" width=\"600\" height=\"532\" srcset=\"https:\/\/geotierra.es\/blog\/wp-content\/uploads\/2015\/03\/cuarzo_hematites.jpg 600w, https:\/\/geotierra.es\/blog\/wp-content\/uploads\/2015\/03\/cuarzo_hematites-300x266.jpg 300w, https:\/\/geotierra.es\/blog\/wp-content\/uploads\/2015\/03\/cuarzo_hematites-150x133.jpg 150w\" sizes=\"auto, (max-width: 600px) 100vw, 600px\" \/><\/a><\/p>\n<p><a href=\"https:\/\/geotierra.es\/blog\/wp-content\/uploads\/2015\/03\/antimonita.jpg\"><img loading=\"lazy\" decoding=\"async\" class=\" size-full wp-image-162 aligncenter\" src=\"https:\/\/geotierra.es\/blog\/wp-content\/uploads\/2015\/03\/antimonita.jpg\" alt=\"antimonita\" width=\"600\" height=\"616\" srcset=\"https:\/\/geotierra.es\/blog\/wp-content\/uploads\/2015\/03\/antimonita.jpg 600w, https:\/\/geotierra.es\/blog\/wp-content\/uploads\/2015\/03\/antimonita-292x300.jpg 292w, https:\/\/geotierra.es\/blog\/wp-content\/uploads\/2015\/03\/antimonita-146x150.jpg 146w\" sizes=\"auto, (max-width: 600px) 100vw, 600px\" \/><\/a><\/p>\n<p>Si buscas minerales\u00a0m\u00e1s est\u00e9ticos para <strong>regalo o decoraci\u00f3n<\/strong> tambi\u00e9n tenemos ejemplares muy llamativos de varios tama\u00f1os, formas y colores. Geodas y drusas de celestina, grandes cristales de calcita, bellas formaciones de apofilita y estilbita de India o espectaculares cristales de blenda acaramelada.<\/p>\n<p><a href=\"https:\/\/geotierra.es\/blog\/wp-content\/uploads\/2015\/03\/celestina.jpg\"><img loading=\"lazy\" decoding=\"async\" class=\" size-full wp-image-168 aligncenter\" src=\"https:\/\/geotierra.es\/blog\/wp-content\/uploads\/2015\/03\/celestina.jpg\" alt=\"celestina\" width=\"600\" height=\"747\" srcset=\"https:\/\/geotierra.es\/blog\/wp-content\/uploads\/2015\/03\/celestina.jpg 600w, https:\/\/geotierra.es\/blog\/wp-content\/uploads\/2015\/03\/celestina-241x300.jpg 241w, https:\/\/geotierra.es\/blog\/wp-content\/uploads\/2015\/03\/celestina-120x150.jpg 120w\" sizes=\"auto, (max-width: 600px) 100vw, 600px\" \/><\/a><\/p>\n<p><a href=\"https:\/\/geotierra.es\/blog\/wp-content\/uploads\/2015\/03\/calcita.jpg\"><img loading=\"lazy\" decoding=\"async\" class=\" size-full wp-image-167 aligncenter\" src=\"https:\/\/geotierra.es\/blog\/wp-content\/uploads\/2015\/03\/calcita.jpg\" alt=\"calcita\" width=\"600\" height=\"391\" srcset=\"https:\/\/geotierra.es\/blog\/wp-content\/uploads\/2015\/03\/calcita.jpg 600w, https:\/\/geotierra.es\/blog\/wp-content\/uploads\/2015\/03\/calcita-300x196.jpg 300w, https:\/\/geotierra.es\/blog\/wp-content\/uploads\/2015\/03\/calcita-150x98.jpg 150w\" sizes=\"auto, (max-width: 600px) 100vw, 600px\" \/><\/a><\/p>\n<p><a href=\"https:\/\/geotierra.es\/blog\/wp-content\/uploads\/2015\/03\/apofilita.jpg\"><img loading=\"lazy\" decoding=\"async\" class=\" size-full wp-image-164 aligncenter\" src=\"https:\/\/geotierra.es\/blog\/wp-content\/uploads\/2015\/03\/apofilita.jpg\" alt=\"apofilita\" width=\"600\" height=\"472\" srcset=\"https:\/\/geotierra.es\/blog\/wp-content\/uploads\/2015\/03\/apofilita.jpg 600w, https:\/\/geotierra.es\/blog\/wp-content\/uploads\/2015\/03\/apofilita-300x236.jpg 300w, https:\/\/geotierra.es\/blog\/wp-content\/uploads\/2015\/03\/apofilita-150x118.jpg 150w\" sizes=\"auto, (max-width: 600px) 100vw, 600px\" \/><\/a><\/p>\n<p><a href=\"https:\/\/geotierra.es\/blog\/wp-content\/uploads\/2015\/03\/blenda.jpg\"><img loading=\"lazy\" decoding=\"async\" class=\" size-full wp-image-166 aligncenter\" src=\"https:\/\/geotierra.es\/blog\/wp-content\/uploads\/2015\/03\/blenda.jpg\" alt=\"blenda\" width=\"600\" height=\"553\" srcset=\"https:\/\/geotierra.es\/blog\/wp-content\/uploads\/2015\/03\/blenda.jpg 600w, https:\/\/geotierra.es\/blog\/wp-content\/uploads\/2015\/03\/blenda-300x277.jpg 300w, https:\/\/geotierra.es\/blog\/wp-content\/uploads\/2015\/03\/blenda-150x138.jpg 150w\" sizes=\"auto, (max-width: 600px) 100vw, 600px\" \/><\/a><\/p>\n<p>Espectaculares ejemplares de pirita en todas sus formas de cristalizaci\u00f3n, c\u00fabica, octa\u00e9drica, dodeca\u00e9drica o en inclusiones en <strong>otros minerales<\/strong>\u00a0como septarias, yesos o cuarzos.<\/p>\n<p><a href=\"https:\/\/geotierra.es\/blog\/wp-content\/uploads\/2015\/03\/pirita.jpg\"><img loading=\"lazy\" decoding=\"async\" class=\" size-full wp-image-154 aligncenter\" src=\"https:\/\/geotierra.es\/blog\/wp-content\/uploads\/2015\/03\/pirita.jpg\" alt=\"pirita\" width=\"600\" height=\"532\" srcset=\"https:\/\/geotierra.es\/blog\/wp-content\/uploads\/2015\/03\/pirita.jpg 600w, https:\/\/geotierra.es\/blog\/wp-content\/uploads\/2015\/03\/pirita-300x266.jpg 300w, https:\/\/geotierra.es\/blog\/wp-content\/uploads\/2015\/03\/pirita-150x133.jpg 150w\" sizes=\"auto, (max-width: 600px) 100vw, 600px\" \/><\/a><\/p>\n<p><a href=\"https:\/\/geotierra.es\/blog\/wp-content\/uploads\/2015\/03\/pirita2.jpg\"><img loading=\"lazy\" decoding=\"async\" class=\" size-full wp-image-155 aligncenter\" src=\"https:\/\/geotierra.es\/blog\/wp-content\/uploads\/2015\/03\/pirita2.jpg\" alt=\"pirita2\" width=\"600\" height=\"472\" srcset=\"https:\/\/geotierra.es\/blog\/wp-content\/uploads\/2015\/03\/pirita2.jpg 600w, https:\/\/geotierra.es\/blog\/wp-content\/uploads\/2015\/03\/pirita2-300x236.jpg 300w, https:\/\/geotierra.es\/blog\/wp-content\/uploads\/2015\/03\/pirita2-150x118.jpg 150w\" sizes=\"auto, (max-width: 600px) 100vw, 600px\" \/><\/a><\/p>\n<p><a href=\"https:\/\/geotierra.es\/blog\/wp-content\/uploads\/2015\/03\/sol_pirita.jpg\"><img loading=\"lazy\" decoding=\"async\" class=\" size-full wp-image-157 aligncenter\" src=\"https:\/\/geotierra.es\/blog\/wp-content\/uploads\/2015\/03\/sol_pirita.jpg\" alt=\"sol_pirita\" width=\"600\" height=\"507\" srcset=\"https:\/\/geotierra.es\/blog\/wp-content\/uploads\/2015\/03\/sol_pirita.jpg 600w, https:\/\/geotierra.es\/blog\/wp-content\/uploads\/2015\/03\/sol_pirita-300x254.jpg 300w, https:\/\/geotierra.es\/blog\/wp-content\/uploads\/2015\/03\/sol_pirita-150x127.jpg 150w\" sizes=\"auto, (max-width: 600px) 100vw, 600px\" \/><\/a><\/p>\n<p><a href=\"https:\/\/geotierra.es\/blog\/wp-content\/uploads\/2015\/03\/septaria.jpg\"><img loading=\"lazy\" decoding=\"async\" class=\" size-full wp-image-156 aligncenter\" src=\"https:\/\/geotierra.es\/blog\/wp-content\/uploads\/2015\/03\/septaria.jpg\" alt=\"septaria\" width=\"600\" height=\"534\" srcset=\"https:\/\/geotierra.es\/blog\/wp-content\/uploads\/2015\/03\/septaria.jpg 600w, https:\/\/geotierra.es\/blog\/wp-content\/uploads\/2015\/03\/septaria-300x267.jpg 300w, https:\/\/geotierra.es\/blog\/wp-content\/uploads\/2015\/03\/septaria-150x134.jpg 150w\" sizes=\"auto, (max-width: 600px) 100vw, 600px\" \/><\/a><\/p>\n<p>Esta es s\u00f3lo una peque\u00f1a representaci\u00f3n de la gran variedad de minerales que puedes encontrar en <a title=\"Nuestra tienda\" href=\"https:\/\/geotierra.es\/blog\/tienda\/\">nuestra tienda<\/a>. Tambi\u00e9n disponemos de muestras de peque\u00f1o tama\u00f1o en cajitas de 4 x 4 cm. como<strong> minerales de colecci\u00f3n<\/strong> escolar o peque\u00f1as muestras cristalizadas.<\/p>\n<p>&nbsp;<\/p>\n<p>&nbsp;<\/p>\n","protected":false},"excerpt":{"rendered":"<p>Si est\u00e1s buscando minerales, cristalizados o en bruto, ejemplares peque\u00f1os o de gran formato, para colecci\u00f3n o decoraci\u00f3n, vis\u00edtanos y no quedaras defraudado. En Geotierra tenemos minerales extra\u00eddos de minas de Europa, Asia, \u00c1frica, Am\u00e9rica y Ocean\u00eda. Azufre cristalizado, crisocola, cobre nativo, fluorita, okenita o malaquita botroidal son algunos de los minerales que forman parte de nuestra extensa oferta. Espectaculares cristales de turmalina verde, aguamarina, topacio y vanadinita te sorprender\u00e1n por sus formas geom\u00e9tricas y vivos colores. Apatito de Canad\u00e1, cuarzo con galena o hematites y formaciones de antimonita son otros minerales que podr\u00e1s encontrar en nuestra tienda. Si buscas minerales\u00a0m\u00e1s est\u00e9ticos para regalo o decoraci\u00f3n tambi\u00e9n tenemos ejemplares muy llamativos de varios tama\u00f1os, formas y colores. Geodas y drusas de celestina, grandes cristales de calcita, bellas formaciones de apofilita y estilbita de India o espectaculares cristales de blenda acaramelada. Espectaculares ejemplares de pirita en todas sus formas de cristalizaci\u00f3n, c\u00fabica, octa\u00e9drica, dodeca\u00e9drica o en inclusiones en otros minerales\u00a0como septarias, yesos o cuarzos. Esta es s\u00f3lo una peque\u00f1a representaci\u00f3n de la gran variedad de minerales que puedes encontrar en nuestra tienda. Tambi\u00e9n disponemos de muestras de peque\u00f1o tama\u00f1o en cajitas de 4 x 4 cm. como minerales de colecci\u00f3n escolar \u2026 <a class=\"continue-reading-link\" href=\"https:\/\/geotierra.es\/blog\/articulos\/minerales\/\">continuar leyendo <span class=\"meta-nav\">&rarr; <\/span><\/a><\/p>\n","protected":false},"author":1,"featured_media":0,"parent":57,"menu_order":0,"comment_status":"closed","ping_status":"open","template":"","meta":{"footnotes":""},"class_list":["post-63","page","type-page","status-publish","hentry"],"_links":{"self":[{"href":"https:\/\/geotierra.es\/blog\/wp-json\/wp\/v2\/pages\/63","targetHints":{"allow":["GET"]}}],"collection":[{"href":"https:\/\/geotierra.es\/blog\/wp-json\/wp\/v2\/pages"}],"about":[{"href":"https:\/\/geotierra.es\/blog\/wp-json\/wp\/v2\/types\/page"}],"author":[{"embeddable":true,"href":"https:\/\/geotierra.es\/blog\/wp-json\/wp\/v2\/users\/1"}],"replies":[{"embeddable":true,"href":"https:\/\/geotierra.es\/blog\/wp-json\/wp\/v2\/comments?post=63"}],"version-history":[{"count":11,"href":"https:\/\/geotierra.es\/blog\/wp-json\/wp\/v2\/pages\/63\/revisions"}],"predecessor-version":[{"id":178,"href":"https:\/\/geotierra.es\/blog\/wp-json\/wp\/v2\/pages\/63\/revisions\/178"}],"up":[{"embeddable":true,"href":"https:\/\/geotierra.es\/blog\/wp-json\/wp\/v2\/pages\/57"}],"wp:attachment":[{"href":"https:\/\/geotierra.es\/blog\/wp-json\/wp\/v2\/media?parent=63"}],"curies":[{"name":"wp","href":"https:\/\/api.w.org\/{rel}","templated":true}]}}